{"id":56,"date":"2022-11-13T20:47:17","date_gmt":"2022-11-13T20:47:17","guid":{"rendered":"https:\/\/conservadorbulnes.cl\/?page_id=56"},"modified":"2022-11-13T22:31:06","modified_gmt":"2022-11-13T22:31:06","slug":"nosotros","status":"publish","type":"page","link":"https:\/\/cbrbulnes.cl\/index.php\/nosotros\/","title":{"rendered":"Nosotros"},"content":{"rendered":"\t\t<div data-elementor-type=\"wp-page\" data-elementor-id=\"56\" class=\"elementor elementor-56\">\n\t\t\t\t\t\t\t\t\t<section class=\"elementor-section elementor-top-section elementor-element elementor-element-692e9500 elementor-section-content-middle elementor-section-boxed elementor-section-height-default elementor-section-height-default\" data-id=\"692e9500\" data-element_type=\"section\">\n\t\t\t\t\t\t<div class=\"elementor-container elementor-column-gap-no\">\n\t\t\t\t\t<div class=\"elementor-column elementor-col-100 elementor-top-column elementor-element elementor-element-7a0887cc\" data-id=\"7a0887cc\" data-element_type=\"column\">\n\t\t\t<div class=\"elementor-widget-wrap elementor-element-populated\">\n\t\t\t\t\t\t\t\t<section class=\"elementor-section elementor-inner-section elementor-element elementor-element-0509afe elementor-section-boxed elementor-section-height-default elementor-section-height-default\" data-id=\"0509afe\" data-element_type=\"section\">\n\t\t\t\t\t\t<div class=\"elementor-container elementor-column-gap-default\">\n\t\t\t\t\t<div class=\"elementor-column elementor-col-100 elementor-inner-column elementor-element elementor-element-b5ae888\" data-id=\"b5ae888\" data-element_type=\"column\">\n\t\t\t<div class=\"elementor-widget-wrap elementor-element-populated\">\n\t\t\t\t\t\t\t\t<div class=\"elementor-element elementor-element-d012567 elementor-widget elementor-widget-heading\" data-id=\"d012567\" data-element_type=\"widget\" data-widget_type=\"heading.default\">\n\t\t\t\t<div class=\"elementor-widget-container\">\n\t\t\t<style>\/*! elementor - v3.11.2 - 22-02-2023 *\/\n.elementor-heading-title{padding:0;margin:0;line-height:1}.elementor-widget-heading .elementor-heading-title[class*=elementor-size-]>a{color:inherit;font-size:inherit;line-height:inherit}.elementor-widget-heading .elementor-heading-title.elementor-size-small{font-size:15px}.elementor-widget-heading .elementor-heading-title.elementor-size-medium{font-size:19px}.elementor-widget-heading .elementor-heading-title.elementor-size-large{font-size:29px}.elementor-widget-heading .elementor-heading-title.elementor-size-xl{font-size:39px}.elementor-widget-heading .elementor-heading-title.elementor-size-xxl{font-size:59px}<\/style><h2 class=\"elementor-heading-title elementor-size-default\">Sobre Nosotros<\/h2>\t\t<\/div>\n\t\t\t\t<\/div>\n\t\t\t\t\t<\/div>\n\t\t<\/div>\n\t\t\t\t\t\t\t<\/div>\n\t\t<\/section>\n\t\t\t\t<div class=\"elementor-element elementor-element-579c6e17 elementor-widget elementor-widget-image\" data-id=\"579c6e17\" data-element_type=\"widget\" data-widget_type=\"image.default\">\n\t\t\t\t<div class=\"elementor-widget-container\">\n\t\t\t<style>\/*! elementor - v3.11.2 - 22-02-2023 *\/\n.elementor-widget-image{text-align:center}.elementor-widget-image a{display:inline-block}.elementor-widget-image a img[src$=\".svg\"]{width:48px}.elementor-widget-image img{vertical-align:middle;display:inline-block}<\/style>\t\t\t\t\t\t\t\t\t\t\t\t<img loading=\"lazy\" decoding=\"async\" width=\"544\" height=\"371\" src=\"https:\/\/cbrbulnes.cl\/wp-content\/uploads\/2022\/11\/mapabulnes.jpg\" class=\"attachment-full size-full wp-image-59\" alt=\"\" srcset=\"https:\/\/cbrbulnes.cl\/wp-content\/uploads\/2022\/11\/mapabulnes.jpg 544w, https:\/\/cbrbulnes.cl\/wp-content\/uploads\/2022\/11\/mapabulnes-300x205.jpg 300w\" sizes=\"auto, (max-width: 544px) 100vw, 544px\" \/>\t\t\t\t\t\t\t\t\t\t\t\t\t\t\t<\/div>\n\t\t\t\t<\/div>\n\t\t\t\t<div class=\"elementor-element elementor-element-11e19c9f elementor-widget elementor-widget-text-editor\" data-id=\"11e19c9f\" data-element_type=\"widget\" data-widget_type=\"text-editor.default\">\n\t\t\t\t<div class=\"elementor-widget-container\">\n\t\t\t<style>\/*! elementor - v3.11.2 - 22-02-2023 *\/\n.elementor-widget-text-editor.elementor-drop-cap-view-stacked .elementor-drop-cap{background-color:#818a91;color:#fff}.elementor-widget-text-editor.elementor-drop-cap-view-framed .elementor-drop-cap{color:#818a91;border:3px solid;background-color:transparent}.elementor-widget-text-editor:not(.elementor-drop-cap-view-default) .elementor-drop-cap{margin-top:8px}.elementor-widget-text-editor:not(.elementor-drop-cap-view-default) .elementor-drop-cap-letter{width:1em;height:1em}.elementor-widget-text-editor .elementor-drop-cap{float:left;text-align:center;line-height:1;font-size:50px}.elementor-widget-text-editor .elementor-drop-cap-letter{display:inline-block}<\/style>\t\t\t\t<p class=\"w3-text-white w3-hide-medium\">El Conservador de Bienes Ra\u00edces de Bulnes es Oscar Jorge Pav\u00e9s Morales, quien ejerce el cargo desde el a\u00f1o 2021 y se encuentra ubicado en Ram\u00f3n Freire N\u00b0 320 Comuna de Bulnes Regi\u00f3n de \u00d1uble.<\/p><p class=\"w3-text-white w3-hide-medium\">Su horario de atenci\u00f3n es de Lunes a Jueves 09:00 a 13:00 hrs. Tarde 15:00 a 17:00 hrs. Viernes de 09:00 a 16:00 hrs<\/p>\t\t\t\t\t\t<\/div>\n\t\t\t\t<\/div>\n\t\t\t\t<section class=\"elementor-section elementor-inner-section elementor-element elementor-element-9e35a93 elementor-section-boxed elementor-section-height-default elementor-section-height-default\" data-id=\"9e35a93\" data-element_type=\"section\">\n\t\t\t\t\t\t<div class=\"elementor-container elementor-column-gap-default\">\n\t\t\t\t\t<div class=\"elementor-column elementor-col-50 elementor-inner-column elementor-element elementor-element-7d54a628\" data-id=\"7d54a628\" data-element_type=\"column\">\n\t\t\t<div class=\"elementor-widget-wrap elementor-element-populated\">\n\t\t\t\t\t\t\t\t<div class=\"elementor-element elementor-element-7beeb28f elementor-widget elementor-widget-text-editor\" data-id=\"7beeb28f\" data-element_type=\"widget\" data-widget_type=\"text-editor.default\">\n\t\t\t\t<div class=\"elementor-widget-container\">\n\t\t\t\t\t\t\t<h5 class=\"w3-center w3-text-white w3-hide-medium\"><strong>\u00bfD\u00f3nde ejerce?<\/strong><\/h5><p class=\" w3-text-white w3-hide-medium\">El Conservador de Bulnes se ejerce su competencia territorial en las comunas de Bulnes, Quill\u00f3n y San Ignacio. Los Conservadores est\u00e1n definidos, seg\u00fan el art\u00edculo 446 del C\u00f3digo Org\u00e1nico de Tribunales, como los ministros de fe encargados de los registros conservatorios de bienes ra\u00edces, de comercio, de minas, de Accionistas de sociedades propiamente mineras, de asociaciones de canalistas, de prenda agraria, de prenda industrial, especial de prenda y dem\u00e1s que les encomienden las leyes.<\/p>\t\t\t\t\t\t<\/div>\n\t\t\t\t<\/div>\n\t\t\t\t\t<\/div>\n\t\t<\/div>\n\t\t\t\t<div class=\"elementor-column elementor-col-50 elementor-inner-column elementor-element elementor-element-672c54f3\" data-id=\"672c54f3\" data-element_type=\"column\">\n\t\t\t<div class=\"elementor-widget-wrap elementor-element-populated\">\n\t\t\t\t\t\t\t\t<div class=\"elementor-element elementor-element-2af9d321 elementor-widget elementor-widget-text-editor\" data-id=\"2af9d321\" data-element_type=\"widget\" data-widget_type=\"text-editor.default\">\n\t\t\t\t<div class=\"elementor-widget-container\">\n\t\t\t\t\t\t\t<h5 class=\"w3-center w3-text-white w3-hide-medium\"><strong>\u00bfQu\u00e9\u00a0otras funciones cumple?<\/strong><\/h5><p class=\"w3-text-white w3-hide-medium\">Tambi\u00e9n el Conservador cumple funciones como:<\/p><p class=\"w3-text-white w3-hide-medium\">Secretario de la Junta Electoral de la Circunscripci\u00f3n Bulnes.<\/p><p class=\"w3-text-white w3-hide-medium\">En cuanto a Ministro de Fe, el Conservador tiene a su cargo la mantenci\u00f3n de todas las inscripciones, sub inscripciones y anotaciones que digan relaci\u00f3n con los registros, que son mantenidas en \u00e9ste oficio durante un plazo de hasta 80 a\u00f1os:<\/p><ul><li>Registro de Propiedad<\/li><li>Registro de Hipotecas y Grav\u00e1menes<\/li><li>Registro de Prohibiciones e Interdicciones<\/li><li>Registro de Comercio<\/li><li>Registro de Prendas<\/li><li>Registro de Propiedad de Aguas<\/li><li>Registro de Interdicciones y Prohibici\u00f3n de Aguas<\/li><li>Archivador Judicial<\/li><\/ul><p class=\"w3-text-white w3-hide-medium\">Los registros de antig\u00fcedad superior a los 80 a\u00f1os, son remitidos al Archivo Nacional, el cual esta ubicado en Santiago de Chile, calle Matucana N\u00b0 151.<\/p>\t\t\t\t\t\t<\/div>\n\t\t\t\t<\/div>\n\t\t\t\t\t<\/div>\n\t\t<\/div>\n\t\t\t\t\t\t\t<\/div>\n\t\t<\/section>\n\t\t\t\t\t<\/div>\n\t\t<\/div>\n\t\t\t\t\t\t\t<\/div>\n\t\t<\/section>\n\t\t\t\t\t\t\t<\/div>\n\t\t","protected":false},"excerpt":{"rendered":"<p>Sobre Nosotros El Conservador de Bienes Ra\u00edces de Bulnes es Oscar Jorge Pav\u00e9s Morales, quien ejerce el cargo desde el a\u00f1o 2021 y se encuentra ubicado en Ram\u00f3n Freire N\u00b0 320 Comuna de Bulnes Regi\u00f3n de \u00d1uble. Su horario de atenci\u00f3n es de Lunes a Jueves 09:00 a 13:00 hrs. Tarde 15:00 a 17:00 hrs. &hellip;<\/p>\n<p class=\"read-more\"> <a class=\"\" href=\"https:\/\/cbrbulnes.cl\/index.php\/nosotros\/\"> <span class=\"screen-reader-text\">Nosotros<\/span> Leer m\u00e1s &raquo;<\/a><\/p>\n","protected":false},"author":1,"featured_media":0,"parent":0,"menu_order":1,"comment_status":"closed","ping_status":"closed","template":"","meta":{"site-sidebar-layout":"no-sidebar","site-content-layout":"page-builder","ast-global-header-display":"","ast-main-header-display":"","ast-hfb-above-header-display":"","ast-hfb-below-header-display":"","ast-hfb-mobile-header-display":"","site-post-title":"disabled","ast-breadcrumbs-content":"","ast-featured-img":"disabled","footer-sml-layout":"","theme-transparent-header-meta":"","adv-header-id-meta":"","stick-header-meta":"","header-above-stick-meta":"","header-main-stick-meta":"","header-below-stick-meta":"","footnotes":""},"class_list":["post-56","page","type-page","status-publish","hentry"],"_links":{"self":[{"href":"https:\/\/cbrbulnes.cl\/index.php\/wp-json\/wp\/v2\/pages\/56","targetHints":{"allow":["GET"]}}],"collection":[{"href":"https:\/\/cbrbulnes.cl\/index.php\/wp-json\/wp\/v2\/pages"}],"about":[{"href":"https:\/\/cbrbulnes.cl\/index.php\/wp-json\/wp\/v2\/types\/page"}],"author":[{"embeddable":true,"href":"https:\/\/cbrbulnes.cl\/index.php\/wp-json\/wp\/v2\/users\/1"}],"replies":[{"embeddable":true,"href":"https:\/\/cbrbulnes.cl\/index.php\/wp-json\/wp\/v2\/comments?post=56"}],"version-history":[{"count":22,"href":"https:\/\/cbrbulnes.cl\/index.php\/wp-json\/wp\/v2\/pages\/56\/revisions"}],"predecessor-version":[{"id":104,"href":"https:\/\/cbrbulnes.cl\/index.php\/wp-json\/wp\/v2\/pages\/56\/revisions\/104"}],"wp:attachment":[{"href":"https:\/\/cbrbulnes.cl\/index.php\/wp-json\/wp\/v2\/media?parent=56"}],"curies":[{"name":"wp","href":"https:\/\/api.w.org\/{rel}","templated":true}]}}